{"id":31,"date":"2026-01-27T12:59:04","date_gmt":"2026-01-27T11:59:04","guid":{"rendered":"https:\/\/barmal.hornstaging.no\/?page_id=31"},"modified":"2026-02-06T15:06:17","modified_gmt":"2026-02-06T14:06:17","slug":"reserve-table","status":"publish","type":"page","link":"https:\/\/barmal.hornstaging.no\/en\/reserve-table\/","title":{"rendered":"Reserve table"},"content":{"rendered":"<div data-elementor-type=\"wp-page\" data-elementor-id=\"31\" class=\"elementor elementor-31\" data-elementor-post-type=\"page\">\n\t\t\t\t<div class=\"elementor-element elementor-element-3249373 e-flex e-con-boxed e-con e-parent\" data-id=\"3249373\" data-element_type=\"container\" data-e-type=\"container\" data-settings=\"{&quot;background_background&quot;:&quot;classic&quot;}\">\n\t\t\t\t\t<div class=\"e-con-inner\">\n\t\t\t\t<div class=\"elementor-element elementor-element-b82173c elementor-widget elementor-widget-heading\" data-id=\"b82173c\" data-element_type=\"widget\" data-e-type=\"widget\" data-widget_type=\"heading.default\">\n\t\t\t\t\t<h1 class=\"elementor-heading-title elementor-size-default\">Book a table at Twist &amp; Shout<\/h1>\t\t\t\t<\/div>\n\t\t\t\t<div class=\"elementor-element elementor-element-56f5d01 elementor-widget__width-initial elementor-widget-mobile__width-inherit elementor-invisible elementor-widget elementor-widget-text-editor\" data-id=\"56f5d01\" data-element_type=\"widget\" data-e-type=\"widget\" data-settings=\"{&quot;_animation&quot;:&quot;fadeIn&quot;}\" data-widget_type=\"text-editor.default\">\n\t\t\t\t\t\t\t\t\t<p>Want to be sure of a seat when the atmosphere is at its best? Book a table in advance and arrive to a ready-made setting. Whether it's afterwork, dinner, or a night at the bar, we make it easy to plan your visit.<\/p>\t\t\t\t\t\t\t\t<\/div>\n\t\t\t\t<div class=\"elementor-element elementor-element-3995133 elementor-widget__width-initial elementor-widget-tablet__width-inherit elementor-widget elementor-widget-shortcode\" data-id=\"3995133\" data-element_type=\"widget\" data-e-type=\"widget\" data-widget_type=\"shortcode.default\">\n\t\t\t\t\t\t\t<div class=\"elementor-shortcode\"><div class=\"alexr-widget-wrap app-restaurant-form app-widget-embeded\" id=\"app-restaurant-form-2-CZFZ8MLB\" data-embed=\"yes\" data-nonce=\"bb19a04e5b\" data-widget=\"2\" data-restaurant=\"1\" data-hide_button=\"no\" data-button=\"Book now\" data-mode=\"service\" data-booking_uuid=\"\"><\/div><\/div>\n\t\t\t\t\t\t<\/div>\n\t\t\t\t\t<\/div>\n\t\t\t\t<\/div>\n\t\t<div class=\"elementor-element elementor-element-3b5d975 e-grid e-con-full e-con e-parent\" data-id=\"3b5d975\" data-element_type=\"container\" data-e-type=\"container\" data-settings=\"{&quot;background_background&quot;:&quot;classic&quot;}\">\n\t\t<div class=\"elementor-element elementor-element-478e6c2 e-flex e-con-boxed elementor-invisible e-con e-child\" data-id=\"478e6c2\" data-element_type=\"container\" data-e-type=\"container\" data-settings=\"{&quot;animation&quot;:&quot;fadeInUp&quot;}\">\n\t\t\t\t\t<div class=\"e-con-inner\">\n\t\t\t\t<div class=\"elementor-element elementor-element-0f8cc00 elementor-widget elementor-widget-image\" data-id=\"0f8cc00\" data-element_type=\"widget\" data-e-type=\"widget\" data-widget_type=\"image.default\">\n\t\t\t\t\t\t\t\t\t\t\t\t\t\t\t<img fetchpriority=\"high\" decoding=\"async\" width=\"512\" height=\"512\" src=\"https:\/\/barmal.hornstaging.no\/wp-content\/uploads\/2026\/02\/output-onlinepngtools-10.png\" class=\"attachment-full size-full wp-image-636\" alt=\"\" srcset=\"https:\/\/barmal.hornstaging.no\/wp-content\/uploads\/2026\/02\/output-onlinepngtools-10.png 512w, https:\/\/barmal.hornstaging.no\/wp-content\/uploads\/2026\/02\/output-onlinepngtools-10-300x300.png 300w, https:\/\/barmal.hornstaging.no\/wp-content\/uploads\/2026\/02\/output-onlinepngtools-10-150x150.png 150w\" sizes=\"(max-width: 512px) 100vw, 512px\" \/>\t\t\t\t\t\t\t\t\t\t\t\t\t\t\t<\/div>\n\t\t\t\t<div class=\"elementor-element elementor-element-62648b5 elementor-invisible elementor-widget elementor-widget-heading\" data-id=\"62648b5\" data-element_type=\"widget\" data-e-type=\"widget\" data-settings=\"{&quot;_animation&quot;:&quot;fadeIn&quot;}\" data-widget_type=\"heading.default\">\n\t\t\t\t\t<h3 class=\"elementor-heading-title elementor-size-default\">Give us a call<\/h3>\t\t\t\t<\/div>\n\t\t\t\t<div class=\"elementor-element elementor-element-90d6cf8 elementor-widget elementor-widget-text-editor\" data-id=\"90d6cf8\" data-element_type=\"widget\" data-e-type=\"widget\" data-widget_type=\"text-editor.default\">\n\t\t\t\t\t\t\t\t\t<p>Restaurant: +47 132 45 678<br \/>Cocktailbar: +47 123 45 678<\/p>\t\t\t\t\t\t\t\t<\/div>\n\t\t\t\t\t<\/div>\n\t\t\t\t<\/div>\n\t\t<div class=\"elementor-element elementor-element-1a0f223 e-flex e-con-boxed elementor-invisible e-con e-child\" data-id=\"1a0f223\" data-element_type=\"container\" data-e-type=\"container\" data-settings=\"{&quot;animation&quot;:&quot;fadeInUp&quot;,&quot;animation_delay&quot;:200}\">\n\t\t\t\t\t<div class=\"e-con-inner\">\n\t\t\t\t<div class=\"elementor-element elementor-element-1de2bd1 elementor-widget elementor-widget-image\" data-id=\"1de2bd1\" data-element_type=\"widget\" data-e-type=\"widget\" data-widget_type=\"image.default\">\n\t\t\t\t\t\t\t\t\t\t\t\t\t\t\t<img decoding=\"async\" width=\"512\" height=\"512\" src=\"https:\/\/barmal.hornstaging.no\/wp-content\/uploads\/2026\/02\/output-onlinepngtools-4.png\" class=\"attachment-full size-full wp-image-458\" alt=\"\" srcset=\"https:\/\/barmal.hornstaging.no\/wp-content\/uploads\/2026\/02\/output-onlinepngtools-4.png 512w, https:\/\/barmal.hornstaging.no\/wp-content\/uploads\/2026\/02\/output-onlinepngtools-4-300x300.png 300w, https:\/\/barmal.hornstaging.no\/wp-content\/uploads\/2026\/02\/output-onlinepngtools-4-150x150.png 150w\" sizes=\"(max-width: 512px) 100vw, 512px\" \/>\t\t\t\t\t\t\t\t\t\t\t\t\t\t\t<\/div>\n\t\t\t\t<div class=\"elementor-element elementor-element-b775b0e elementor-invisible elementor-widget elementor-widget-heading\" data-id=\"b775b0e\" data-element_type=\"widget\" data-e-type=\"widget\" data-settings=\"{&quot;_animation&quot;:&quot;fadeIn&quot;}\" data-widget_type=\"heading.default\">\n\t\t\t\t\t<h3 class=\"elementor-heading-title elementor-size-default\">Stop by<\/h3>\t\t\t\t<\/div>\n\t\t\t\t<div class=\"elementor-element elementor-element-dd28a37 elementor-widget elementor-widget-text-editor\" data-id=\"dd28a37\" data-element_type=\"widget\" data-e-type=\"widget\" data-widget_type=\"text-editor.default\">\n\t\t\t\t\t\t\t\t\t<p>Olaf helsets vei 5<br \/>0649 Oslo<\/p>\t\t\t\t\t\t\t\t<\/div>\n\t\t\t\t\t<\/div>\n\t\t\t\t<\/div>\n\t\t<div class=\"elementor-element elementor-element-ec3b9f6 e-flex e-con-boxed elementor-invisible e-con e-child\" data-id=\"ec3b9f6\" data-element_type=\"container\" data-e-type=\"container\" data-settings=\"{&quot;animation&quot;:&quot;fadeInUp&quot;,&quot;animation_delay&quot;:400}\">\n\t\t\t\t\t<div class=\"e-con-inner\">\n\t\t\t\t<div class=\"elementor-element elementor-element-e8c5de3 elementor-widget elementor-widget-image\" data-id=\"e8c5de3\" data-element_type=\"widget\" data-e-type=\"widget\" data-widget_type=\"image.default\">\n\t\t\t\t\t\t\t\t\t\t\t\t\t\t\t<img decoding=\"async\" width=\"512\" height=\"512\" src=\"https:\/\/barmal.hornstaging.no\/wp-content\/uploads\/2026\/02\/output-onlinepngtools-11.png\" class=\"attachment-full size-full wp-image-638\" alt=\"\" srcset=\"https:\/\/barmal.hornstaging.no\/wp-content\/uploads\/2026\/02\/output-onlinepngtools-11.png 512w, https:\/\/barmal.hornstaging.no\/wp-content\/uploads\/2026\/02\/output-onlinepngtools-11-300x300.png 300w, https:\/\/barmal.hornstaging.no\/wp-content\/uploads\/2026\/02\/output-onlinepngtools-11-150x150.png 150w\" sizes=\"(max-width: 512px) 100vw, 512px\" \/>\t\t\t\t\t\t\t\t\t\t\t\t\t\t\t<\/div>\n\t\t\t\t<div class=\"elementor-element elementor-element-dbba2a3 elementor-invisible elementor-widget elementor-widget-heading\" data-id=\"dbba2a3\" data-element_type=\"widget\" data-e-type=\"widget\" data-settings=\"{&quot;_animation&quot;:&quot;fadeIn&quot;}\" data-widget_type=\"heading.default\">\n\t\t\t\t\t<h3 class=\"elementor-heading-title elementor-size-default\">Send us a message<\/h3>\t\t\t\t<\/div>\n\t\t\t\t<div class=\"elementor-element elementor-element-b39d836 elementor-widget elementor-widget-text-editor\" data-id=\"b39d836\" data-element_type=\"widget\" data-e-type=\"widget\" data-widget_type=\"text-editor.default\">\n\t\t\t\t\t\t\t\t\t<p>post@twistnshout.no<br \/>Rentals\/Catering: leie@twistnshout.no<\/p>\t\t\t\t\t\t\t\t<\/div>\n\t\t\t\t\t<\/div>\n\t\t\t\t<\/div>\n\t\t<div class=\"elementor-element elementor-element-7d78be5 e-flex e-con-boxed elementor-invisible e-con e-child\" data-id=\"7d78be5\" data-element_type=\"container\" data-e-type=\"container\" data-settings=\"{&quot;animation&quot;:&quot;fadeInUp&quot;,&quot;animation_delay&quot;:600}\">\n\t\t\t\t\t<div class=\"e-con-inner\">\n\t\t\t\t<div class=\"elementor-element elementor-element-32874b2 elementor-widget elementor-widget-image\" data-id=\"32874b2\" data-element_type=\"widget\" data-e-type=\"widget\" data-widget_type=\"image.default\">\n\t\t\t\t\t\t\t\t\t\t\t\t\t\t\t<img loading=\"lazy\" decoding=\"async\" width=\"512\" height=\"512\" src=\"https:\/\/barmal.hornstaging.no\/wp-content\/uploads\/2026\/02\/output-onlinepngtools-8.png\" class=\"attachment-full size-full wp-image-637\" alt=\"\" srcset=\"https:\/\/barmal.hornstaging.no\/wp-content\/uploads\/2026\/02\/output-onlinepngtools-8.png 512w, https:\/\/barmal.hornstaging.no\/wp-content\/uploads\/2026\/02\/output-onlinepngtools-8-300x300.png 300w, https:\/\/barmal.hornstaging.no\/wp-content\/uploads\/2026\/02\/output-onlinepngtools-8-150x150.png 150w\" sizes=\"(max-width: 512px) 100vw, 512px\" \/>\t\t\t\t\t\t\t\t\t\t\t\t\t\t\t<\/div>\n\t\t\t\t<div class=\"elementor-element elementor-element-8cbc2b8 elementor-invisible elementor-widget elementor-widget-heading\" data-id=\"8cbc2b8\" data-element_type=\"widget\" data-e-type=\"widget\" data-settings=\"{&quot;_animation&quot;:&quot;fadeIn&quot;}\" data-widget_type=\"heading.default\">\n\t\t\t\t\t<h3 class=\"elementor-heading-title elementor-size-default\">How to find us<\/h3>\t\t\t\t<\/div>\n\t\t\t\t<div class=\"elementor-element elementor-element-8174138 elementor-widget elementor-widget-text-editor\" data-id=\"8174138\" data-element_type=\"widget\" data-e-type=\"widget\" data-widget_type=\"text-editor.default\">\n\t\t\t\t\t\t\t\t\t<p>Centrally located in Oslo, easily accessible by public transport and just a short distance from parking and nearby areas.<\/p>\t\t\t\t\t\t\t\t<\/div>\n\t\t\t\t\t<\/div>\n\t\t\t\t<\/div>\n\t\t\t\t<\/div>\n\t\t<div class=\"elementor-element elementor-element-5cc96fd e-con-full e-flex e-con e-parent\" data-id=\"5cc96fd\" data-element_type=\"container\" data-e-type=\"container\" data-settings=\"{&quot;background_background&quot;:&quot;classic&quot;}\">\n\t\t\t\t<div class=\"elementor-element elementor-element-91a9c9b elementor-widget elementor-widget-google_maps\" data-id=\"91a9c9b\" data-element_type=\"widget\" data-e-type=\"widget\" data-widget_type=\"google_maps.default\">\n\t\t\t\t\t\t\t<div class=\"elementor-custom-embed\">\n\t\t\t<iframe loading=\"lazy\"\n\t\t\t\t\tsrc=\"https:\/\/maps.google.com\/maps?q=Oslo&#038;t=m&#038;z=14&#038;output=embed&#038;iwloc=near\"\n\t\t\t\t\ttitle=\"Oslo\"\n\t\t\t\t\taria-label=\"Oslo\"\n\t\t\t><\/iframe>\n\t\t<\/div>\n\t\t\t\t\t\t<\/div>\n\t\t\t\t<\/div>\n\t\t\t\t<\/div>","protected":false},"excerpt":{"rendered":"<p>Bestill bord hos Twist &amp; Shout Vil du v\u00e6re sikker p\u00e5 \u00e5 f\u00e5 plass n\u00e5r stemningen er p\u00e5 sitt beste? Bestill bord p\u00e5 forh\u00e5nd og kom til dekket bord. Enten det er afterwork, middag eller en kveld i baren, gj\u00f8r vi det enkelt \u00e5 planlegge bes\u00f8ket. Ta en telefon Restaurant: +47 132 45 678Cocktailbar: +47 [&hellip;]<\/p>","protected":false},"author":1,"featured_media":695,"parent":0,"menu_order":0,"comment_status":"closed","ping_status":"closed","template":"","meta":{"_acf_changed":false,"footnotes":""},"class_list":["post-31","page","type-page","status-publish","has-post-thumbnail","hentry"],"acf":[],"yoast_head":"<!-- This site is optimized with the Yoast SEO plugin v26.9 - https:\/\/yoast.com\/product\/yoast-seo-wordpress\/ -->\n<title>Bestill bord | Cocktailbar &amp; Afterwork hos Twist &amp; Shout<\/title>\n<meta name=\"description\" content=\"Bestill bord hos Twist &amp; Shout i Oslo og sikre deg plass til afterwork, middag eller en kveld i baren med god stemning.\" \/>\n<meta name=\"robots\" content=\"noindex, follow, max-snippet:-1, max-image-preview:large, max-video-preview:-1\" \/>\n<meta property=\"og:locale\" content=\"en_GB\" \/>\n<meta property=\"og:type\" content=\"article\" \/>\n<meta property=\"og:title\" content=\"Bestill bord | Cocktailbar &amp; Afterwork hos Twist &amp; Shout\" \/>\n<meta property=\"og:description\" content=\"Bestill bord hos Twist &amp; Shout i Oslo og sikre deg plass til afterwork, middag eller en kveld i baren med god stemning.\" \/>\n<meta property=\"og:url\" content=\"https:\/\/barmal.hornstaging.no\/en\/reserve-table\/\" \/>\n<meta property=\"og:site_name\" content=\"Twist &amp; Shout\" \/>\n<meta property=\"article:modified_time\" content=\"2026-02-06T14:06:17+00:00\" \/>\n<meta property=\"og:image\" content=\"https:\/\/barmal.hornstaging.no\/wp-content\/uploads\/2026\/02\/opengraph-barmal.png\" \/>\n\t<meta property=\"og:image:width\" content=\"2048\" \/>\n\t<meta property=\"og:image:height\" content=\"1363\" \/>\n\t<meta property=\"og:image:type\" content=\"image\/png\" \/>\n<meta name=\"twitter:card\" content=\"summary_large_image\" \/>\n<meta name=\"twitter:label1\" content=\"Estimated reading time\" \/>\n\t<meta name=\"twitter:data1\" content=\"1 minute\" \/>\n<script type=\"application\/ld+json\" class=\"yoast-schema-graph\">{\"@context\":\"https:\/\/schema.org\",\"@graph\":[{\"@type\":\"WebPage\",\"@id\":\"https:\/\/barmal.hornstaging.no\/book-bord\/\",\"url\":\"https:\/\/barmal.hornstaging.no\/book-bord\/\",\"name\":\"Bestill bord | Cocktailbar & Afterwork hos Twist & Shout\",\"isPartOf\":{\"@id\":\"https:\/\/barmal.hornstaging.no\/#website\"},\"primaryImageOfPage\":{\"@id\":\"https:\/\/barmal.hornstaging.no\/book-bord\/#primaryimage\"},\"image\":{\"@id\":\"https:\/\/barmal.hornstaging.no\/book-bord\/#primaryimage\"},\"thumbnailUrl\":\"https:\/\/barmal.hornstaging.no\/wp-content\/uploads\/2026\/02\/opengraph-barmal.png\",\"datePublished\":\"2026-01-27T11:59:04+00:00\",\"dateModified\":\"2026-02-06T14:06:17+00:00\",\"description\":\"Bestill bord hos Twist & Shout i Oslo og sikre deg plass til afterwork, middag eller en kveld i baren med god stemning.\",\"breadcrumb\":{\"@id\":\"https:\/\/barmal.hornstaging.no\/book-bord\/#breadcrumb\"},\"inLanguage\":\"en-GB\",\"potentialAction\":[{\"@type\":\"ReadAction\",\"target\":[\"https:\/\/barmal.hornstaging.no\/book-bord\/\"]}]},{\"@type\":\"ImageObject\",\"inLanguage\":\"en-GB\",\"@id\":\"https:\/\/barmal.hornstaging.no\/book-bord\/#primaryimage\",\"url\":\"https:\/\/barmal.hornstaging.no\/wp-content\/uploads\/2026\/02\/opengraph-barmal.png\",\"contentUrl\":\"https:\/\/barmal.hornstaging.no\/wp-content\/uploads\/2026\/02\/opengraph-barmal.png\",\"width\":2048,\"height\":1363},{\"@type\":\"BreadcrumbList\",\"@id\":\"https:\/\/barmal.hornstaging.no\/book-bord\/#breadcrumb\",\"itemListElement\":[{\"@type\":\"ListItem\",\"position\":1,\"name\":\"Hjem\",\"item\":\"https:\/\/barmal.hornstaging.no\/\"},{\"@type\":\"ListItem\",\"position\":2,\"name\":\"Book bord\"}]},{\"@type\":\"WebSite\",\"@id\":\"https:\/\/barmal.hornstaging.no\/#website\",\"url\":\"https:\/\/barmal.hornstaging.no\/\",\"name\":\"Twist &amp; Shout\",\"description\":\"Afterwork, tapas &amp; events i Oslo\",\"publisher\":{\"@id\":\"https:\/\/barmal.hornstaging.no\/#organization\"},\"potentialAction\":[{\"@type\":\"SearchAction\",\"target\":{\"@type\":\"EntryPoint\",\"urlTemplate\":\"https:\/\/barmal.hornstaging.no\/?s={search_term_string}\"},\"query-input\":{\"@type\":\"PropertyValueSpecification\",\"valueRequired\":true,\"valueName\":\"search_term_string\"}}],\"inLanguage\":\"en-GB\"},{\"@type\":\"Organization\",\"@id\":\"https:\/\/barmal.hornstaging.no\/#organization\",\"name\":\"Twist &amp; Shout\",\"url\":\"https:\/\/barmal.hornstaging.no\/\",\"logo\":{\"@type\":\"ImageObject\",\"inLanguage\":\"en-GB\",\"@id\":\"https:\/\/barmal.hornstaging.no\/#\/schema\/logo\/image\/\",\"url\":\"https:\/\/barmal.hornstaging.no\/wp-content\/uploads\/2026\/01\/logo-barmal.png\",\"contentUrl\":\"https:\/\/barmal.hornstaging.no\/wp-content\/uploads\/2026\/01\/logo-barmal.png\",\"width\":325,\"height\":75,\"caption\":\"Twist &amp; Shout\"},\"image\":{\"@id\":\"https:\/\/barmal.hornstaging.no\/#\/schema\/logo\/image\/\"}}]}<\/script>\n<!-- \/ Yoast SEO plugin. -->","yoast_head_json":{"title":"Book a Table in Oslo | Twist &amp; Shout","description":"Book a table at Twist &amp; Shout in Oslo for afterwork, dinner, or drinks. Secure your seat and enjoy great atmosphere, cocktails, and food.","robots":{"index":"noindex","follow":"follow","max-snippet":"max-snippet:-1","max-image-preview":"max-image-preview:large","max-video-preview":"max-video-preview:-1"},"og_locale":"en_GB","og_type":"article","og_title":"Bestill bord | Cocktailbar & Afterwork hos Twist & Shout","og_description":"Bestill bord hos Twist & Shout i Oslo og sikre deg plass til afterwork, middag eller en kveld i baren med god stemning.","og_url":"https:\/\/barmal.hornstaging.no\/en\/reserve-table\/","og_site_name":"Twist &amp; Shout","article_modified_time":"2026-02-06T14:06:17+00:00","og_image":[{"width":2048,"height":1363,"url":"https:\/\/barmal.hornstaging.no\/wp-content\/uploads\/2026\/02\/opengraph-barmal.png","type":"image\/png"}],"twitter_card":"summary_large_image","twitter_misc":{"Estimated reading time":"1 minute"},"schema":{"@context":"https:\/\/schema.org","@graph":[{"@type":"WebPage","@id":"https:\/\/barmal.hornstaging.no\/book-bord\/","url":"https:\/\/barmal.hornstaging.no\/book-bord\/","name":"Book a Table in Oslo | Twist &amp; Shout","isPartOf":{"@id":"https:\/\/barmal.hornstaging.no\/#website"},"primaryImageOfPage":{"@id":"https:\/\/barmal.hornstaging.no\/book-bord\/#primaryimage"},"image":{"@id":"https:\/\/barmal.hornstaging.no\/book-bord\/#primaryimage"},"thumbnailUrl":"https:\/\/barmal.hornstaging.no\/wp-content\/uploads\/2026\/02\/opengraph-barmal.png","datePublished":"2026-01-27T11:59:04+00:00","dateModified":"2026-02-06T14:06:17+00:00","description":"Book a table at Twist &amp; Shout in Oslo for afterwork, dinner, or drinks. Secure your seat and enjoy great atmosphere, cocktails, and food.","breadcrumb":{"@id":"https:\/\/barmal.hornstaging.no\/book-bord\/#breadcrumb"},"inLanguage":"en-GB","potentialAction":[{"@type":"ReadAction","target":["https:\/\/barmal.hornstaging.no\/book-bord\/"]}]},{"@type":"ImageObject","inLanguage":"en-GB","@id":"https:\/\/barmal.hornstaging.no\/book-bord\/#primaryimage","url":"https:\/\/barmal.hornstaging.no\/wp-content\/uploads\/2026\/02\/opengraph-barmal.png","contentUrl":"https:\/\/barmal.hornstaging.no\/wp-content\/uploads\/2026\/02\/opengraph-barmal.png","width":2048,"height":1363},{"@type":"BreadcrumbList","@id":"https:\/\/barmal.hornstaging.no\/book-bord\/#breadcrumb","itemListElement":[{"@type":"ListItem","position":1,"name":"Hjem","item":"https:\/\/barmal.hornstaging.no\/"},{"@type":"ListItem","position":2,"name":"Book bord"}]},{"@type":"WebSite","@id":"https:\/\/barmal.hornstaging.no\/#website","url":"https:\/\/barmal.hornstaging.no\/","name":"Twist &amp; Shout","description":"Afterwork, tapas &amp; events i Oslo","publisher":{"@id":"https:\/\/barmal.hornstaging.no\/#organization"},"potentialAction":[{"@type":"SearchAction","target":{"@type":"EntryPoint","urlTemplate":"https:\/\/barmal.hornstaging.no\/?s={search_term_string}"},"query-input":{"@type":"PropertyValueSpecification","valueRequired":true,"valueName":"search_term_string"}}],"inLanguage":"en-GB"},{"@type":"Organization","@id":"https:\/\/barmal.hornstaging.no\/#organization","name":"Twist &amp; Shout","url":"https:\/\/barmal.hornstaging.no\/","logo":{"@type":"ImageObject","inLanguage":"en-GB","@id":"https:\/\/barmal.hornstaging.no\/#\/schema\/logo\/image\/","url":"https:\/\/barmal.hornstaging.no\/wp-content\/uploads\/2026\/01\/logo-barmal.png","contentUrl":"https:\/\/barmal.hornstaging.no\/wp-content\/uploads\/2026\/01\/logo-barmal.png","width":325,"height":75,"caption":"Twist &amp; Shout"},"image":{"@id":"https:\/\/barmal.hornstaging.no\/#\/schema\/logo\/image\/"}}]}},"_links":{"self":[{"href":"https:\/\/barmal.hornstaging.no\/en\/wp-json\/wp\/v2\/pages\/31","targetHints":{"allow":["GET"]}}],"collection":[{"href":"https:\/\/barmal.hornstaging.no\/en\/wp-json\/wp\/v2\/pages"}],"about":[{"href":"https:\/\/barmal.hornstaging.no\/en\/wp-json\/wp\/v2\/types\/page"}],"author":[{"embeddable":true,"href":"https:\/\/barmal.hornstaging.no\/en\/wp-json\/wp\/v2\/users\/1"}],"replies":[{"embeddable":true,"href":"https:\/\/barmal.hornstaging.no\/en\/wp-json\/wp\/v2\/comments?post=31"}],"version-history":[{"count":16,"href":"https:\/\/barmal.hornstaging.no\/en\/wp-json\/wp\/v2\/pages\/31\/revisions"}],"predecessor-version":[{"id":1051,"href":"https:\/\/barmal.hornstaging.no\/en\/wp-json\/wp\/v2\/pages\/31\/revisions\/1051"}],"wp:featuredmedia":[{"embeddable":true,"href":"https:\/\/barmal.hornstaging.no\/en\/wp-json\/wp\/v2\/media\/695"}],"wp:attachment":[{"href":"https:\/\/barmal.hornstaging.no\/en\/wp-json\/wp\/v2\/media?parent=31"}],"curies":[{"name":"wp","href":"https:\/\/api.w.org\/{rel}","templated":true}]}}